{"id":408,"date":"2016-01-30T21:56:24","date_gmt":"2016-01-30T21:56:24","guid":{"rendered":"https:\/\/the7.io\/beauty-studio\/?page_id=408"},"modified":"2022-06-20T13:32:50","modified_gmt":"2022-06-20T13:32:50","slug":"financiele-administratie","status":"publish","type":"page","link":"https:\/\/fa-m.nl\/nl\/financiele-administratie\/","title":{"rendered":"Financi\u00eble administratie"},"content":{"rendered":"<div class=\"wpb-content-wrapper\"><p>[vc_row type=&#8221;vc_default&#8221;][vc_column css=&#8221;.vc_custom_1498229431694{padding-bottom: 50px !important;}&#8221;]<div id=\"ultimate-heading-855069f2735d68de5\" class=\"uvc-heading ult-adjust-bottom-margin ultimate-heading-855069f2735d68de5 uvc-4798 \" data-hspacer=\"no_spacer\"  data-halign=\"left\" style=\"text-align:left\"><div class=\"uvc-heading-spacer no_spacer\" style=\"top\"><\/div><div class=\"uvc-main-heading ult-responsive\"  data-ultimate-target='.uvc-heading.ultimate-heading-855069f2735d68de5 h2'  data-responsive-json-new='{\"font-size\":\"desktop:26px;\",\"line-height\":\"desktop:32px;\"}' ><h2 style=\"font-weight:bold;margin-bottom:20px;\">Bespaar tijd, kosten en voorkom fouten<\/h2><\/div><div class=\"uvc-sub-heading ult-responsive\"  data-ultimate-target='.uvc-heading.ultimate-heading-855069f2735d68de5 .uvc-sub-heading '  data-responsive-json-new='{\"font-size\":\"\",\"line-height\":\"desktop:22px;\"}'  style=\"font-weight:normal;\"><\/p>\n<p style=\"text-align: left;\"><a href=\"https:\/\/fa-m.nl\/wp-content\/uploads\/2019\/03\/financiele-administratie.jpg\"><img loading=\"lazy\" decoding=\"async\" class=\"alignleft wp-image-2150 size-medium\" src=\"https:\/\/fa-m.nl\/wp-content\/uploads\/2019\/03\/financiele-administratie-300x200.jpg\" alt=\"financiele-administratie\" width=\"300\" height=\"200\" srcset=\"https:\/\/fa-m.nl\/wp-content\/uploads\/2019\/03\/financiele-administratie-300x200.jpg 300w, https:\/\/fa-m.nl\/wp-content\/uploads\/2019\/03\/financiele-administratie-768x512.jpg 768w, https:\/\/fa-m.nl\/wp-content\/uploads\/2019\/03\/financiele-administratie.jpg 1024w\" sizes=\"auto, (max-width: 300px) 100vw, 300px\" \/><\/a>Continu\u00efteit in de bedrijfsvoering staat of valt met goede en betrokken medewerkers. Samen borgt u een succesvolle toekomst van de organisatie. De motivatie om te blijven excelleren begint bij een correcte en tijdige verwerking van uw financi\u00eble informatie. Maar hoe pakt u dat aan?<\/p>\n<p>FAM helpt. Wij bieden meerdere opties voor een kosteneffici\u00ebnte en correcte financi\u00eble administratie zodat we altijd tot een oplossing komen die u het beste faciliteert en ondersteunt. Kortom wij bieden een product op maat.<\/div><\/div>[\/vc_column][vc_column css=&#8221;.vc_custom_1498229445232{padding-bottom: 50px !important;}&#8221;]<div class=\"smile_icon_list_wrap ult_info_list_container ult-adjust-bottom-margin   vc_custom_1547919500298\"><ul class=\"smile_icon_list left circle with_bg\"><li class=\"icon_list_item\" style=\" font-size:60px;\"><div class=\"icon_list_icon\" data-animation=\"\" data-animation-delay=\"03\" style=\"font-size:20px;border-width:1px;border-style:none;background:#ac1618;color:#ffffff;border-color:#333333;\"><i class=\"Defaults-building-o\" ><\/i><\/div><div class=\"icon_description\" id=\"Info-list-wrap-1180\" style=\"font-size:20px;\"><h2 class=\"ult-responsive info-list-heading\"  data-ultimate-target='#Info-list-wrap-1180 h2'  data-responsive-json-new='{\"font-size\":\"desktop:20px;\",\"line-height\":\"desktop:22px;\"}'  style=\"font-family:&#039;Open Sans Condensed&#039;;font-weight:700;\">Intern<\/h2><div class=\"icon_description_text ult-responsive\"  data-ultimate-target='#Info-list-wrap-1180 .icon_description_text'  data-responsive-json-new='{\"font-size\":\"desktop:13px;\",\"line-height\":\"desktop:22px;\"}'  style=\"\"><p>FAM selecteert samen met u de best passende oplossing voor professionele ondersteuning van uw financi\u00eble administratie. Door onze persoonlijke benadering komen we tot een samenwerking waarbij de wensen van de klant centraal staan.<\/p>\n<\/div><\/div><div class=\"icon_list_connector\"  style=\"border-right-width: 1px;border-right-style: dashed;border-color: #ffb536;\"><\/div><\/li><li class=\"icon_list_item\" style=\" font-size:60px;\"><div class=\"icon_list_icon\" data-animation=\"\" data-animation-delay=\"03\" style=\"font-size:20px;border-width:1px;border-style:none;background:#ac1618;color:#ffffff;border-color:#333333;\"><i class=\"Defaults-external-link\" ><\/i><\/div><div class=\"icon_description\" id=\"Info-list-wrap-1732\" style=\"font-size:20px;\"><h2 class=\"ult-responsive info-list-heading\"  data-ultimate-target='#Info-list-wrap-1732 h2'  data-responsive-json-new='{\"font-size\":\"desktop:20px;\",\"line-height\":\"desktop:22px;\"}'  style=\"font-family:&#039;Open Sans Condensed&#039;;font-weight:700;\">Extern<\/h2><div class=\"icon_description_text ult-responsive\"  data-ultimate-target='#Info-list-wrap-1732 .icon_description_text'  data-responsive-json-new='{\"font-size\":\"desktop:13px;\",\"line-height\":\"desktop:20px;\"}'  style=\"\"><p>Bij uitbesteden gaat het allang niet meer alleen om vaste kosten besparingen. Het gaat ook om het bereiken van meer snelheid, meer efficiency, hogere flexibiliteit en de toegang tot professioneel gekwalificeerde deskundigen.<\/p>\n<p>FAM neemt in deze situatie de volledige verwerking van de financi\u00eble administratie van u over. U heeft geen omkijken meer naar de continu\u00efteit van de financi\u00eble administratie. Deze vorm van uitbesteden kan puur op een periodieke verwerking van uw financi\u00eble administratie betrekking hebben, maar kan ook ingericht worden als een volledig beschikbare financi\u00eble afdeling voor uw organisatie.<\/p>\n<\/div><\/div><div class=\"icon_list_connector\"  style=\"border-right-width: 1px;border-right-style: dashed;border-color: #ffb536;\"><\/div><\/li><\/ul><\/div>[\/vc_column][\/vc_row][vc_row][vc_column]<style type=\"text\/css\" data-type=\"the7_shortcodes-inline-css\">.carousel-shortcode.carousel-shortcode-id-db2c552b28a4fd48eed7bc10cbf8dcde.owl-carousel .owl-nav div {\n  width: 36px;\n  height: 36px;\n  border-radius: 500px;\n}\n.dt-arrow-border-on.carousel-shortcode.carousel-shortcode-id-db2c552b28a4fd48eed7bc10cbf8dcde.owl-carousel .owl-nav div:not(:hover):before {\n  border-width: 0px;\n}\n.dt-arrow-hover-border-on.carousel-shortcode.carousel-shortcode-id-db2c552b28a4fd48eed7bc10cbf8dcde.owl-carousel .owl-nav div:hover:after {\n  border-width: 0px;\n}\n.carousel-shortcode.carousel-shortcode-id-db2c552b28a4fd48eed7bc10cbf8dcde.owl-carousel .owl-nav div.owl-prev {\n  top: 50%;\n  transform: translateY(calc(-50% + 0px));\n  left: -43px;\n}\n@media all and (-ms-high-contrast: none) {\n  .carousel-shortcode.carousel-shortcode-id-db2c552b28a4fd48eed7bc10cbf8dcde.owl-carousel .owl-nav div.owl-prev {\n    transform: translateY(-50%);\n    margin-top: 0px;\n  }\n}\n.carousel-shortcode.carousel-shortcode-id-db2c552b28a4fd48eed7bc10cbf8dcde.owl-carousel .owl-nav div.owl-prev i {\n  padding: 0px 0px 0px 0px;\n}\n.carousel-shortcode.carousel-shortcode-id-db2c552b28a4fd48eed7bc10cbf8dcde.owl-carousel .owl-nav div.owl-next {\n  top: 50%;\n  transform: translateY(calc(-50% + 0px));\n  right: -43px;\n}\n@media all and (-ms-high-contrast: none) {\n  .carousel-shortcode.carousel-shortcode-id-db2c552b28a4fd48eed7bc10cbf8dcde.owl-carousel .owl-nav div.owl-next {\n    transform: translateY(-50%);\n    margin-top: 0px;\n  }\n}\n.carousel-shortcode.carousel-shortcode-id-db2c552b28a4fd48eed7bc10cbf8dcde.owl-carousel .owl-nav div.owl-next i {\n  padding: 0px 0px 0px 0px;\n}\n.carousel-shortcode.carousel-shortcode-id-db2c552b28a4fd48eed7bc10cbf8dcde.owl-carousel .owl-nav i {\n  font-size: 18px;\n}\n.carousel-shortcode.carousel-shortcode-id-db2c552b28a4fd48eed7bc10cbf8dcde.owl-carousel .owl-nav div:not(:hover) i,\n.carousel-shortcode.carousel-shortcode-id-db2c552b28a4fd48eed7bc10cbf8dcde.owl-carousel .owl-nav div:not(:hover) i:before {\n  color: #ffffff;\n  background: none;\n}\n.carousel-shortcode.carousel-shortcode-id-db2c552b28a4fd48eed7bc10cbf8dcde.owl-carousel .owl-nav div:hover i,\n.carousel-shortcode.carousel-shortcode-id-db2c552b28a4fd48eed7bc10cbf8dcde.owl-carousel .owl-nav div:hover i:before {\n  color: rgba(255,255,255,0.75);\n  background: none;\n}\n.carousel-shortcode.carousel-shortcode-id-db2c552b28a4fd48eed7bc10cbf8dcde .owl-dots {\n  top: calc(100% + 20px);\n  left: 50%;\n  transform: translateX(calc(-50% + 0px));\n}\n@media all and (-ms-high-contrast: none) {\n  .carousel-shortcode.carousel-shortcode-id-db2c552b28a4fd48eed7bc10cbf8dcde .owl-dots {\n    transform: translateX(-50%);\n    margin-left: 0px;\n  }\n}\n.carousel-shortcode.carousel-shortcode-id-db2c552b28a4fd48eed7bc10cbf8dcde .owl-dot {\n  width: 10px;\n  height: 10px;\n  margin: 0 8px;\n}\n@media screen and (max-width: 778px) {\n  .carousel-shortcode.carousel-shortcode-id-db2c552b28a4fd48eed7bc10cbf8dcde.hide-arrows .owl-nav a {\n    display: none;\n  }\n}\n@media screen and (max-width: 778px) {\n  .carousel-shortcode.carousel-shortcode-id-db2c552b28a4fd48eed7bc10cbf8dcde.reposition-arrows .owl-nav .owl-prev {\n    top: 50%;\n    transform: translateY(calc(-50% + 0px));\n    left: 10px;\n  }\n  .carousel-shortcode.carousel-shortcode-id-db2c552b28a4fd48eed7bc10cbf8dcde.reposition-arrows .owl-nav .owl-next {\n    top: 50%;\n    transform: translateY(calc(-50% + 0px));\n    right: 10px;\n  }\n}\n@media screen and (max-width: 778px) and all and (-ms-high-contrast: none) {\n  .carousel-shortcode.carousel-shortcode-id-db2c552b28a4fd48eed7bc10cbf8dcde.reposition-arrows .owl-nav .owl-prev {\n    transform: translateY(-50%);\n    margin-top: 0px;\n  }\n}\n@media screen and (max-width: 778px) and all and (-ms-high-contrast: none) {\n  .carousel-shortcode.carousel-shortcode-id-db2c552b28a4fd48eed7bc10cbf8dcde.reposition-arrows .owl-nav .owl-next {\n    transform: translateY(-50%);\n    margin-top: 0px;\n  }\n}\n<\/style><div class=\"owl-carousel carousel-shortcode dt-owl-carousel-call carousel-shortcode-id-db2c552b28a4fd48eed7bc10cbf8dcde bullets-small-dot-stroke reposition-arrows arrows-bg-on dt-arrow-border-on dt-arrow-hover-border-on disable-arrows-hover-bg arrows-hover-bg-on  \" data-scroll-mode=\"page\" data-col-num=\"4\" data-wide-col-num=\"4\" data-laptop-col=\"4\" data-h-tablet-columns-num=\"4\" data-v-tablet-columns-num=\"3\" data-phone-columns-num=\"2\" data-auto-height=\"true\" data-col-gap=\"20\" data-stage-padding=\"0\" data-speed=\"300\" data-autoplay=\"true\" data-autoplay_speed=\"6000\" data-arrows=\"true\" data-bullet=\"false\" data-next-icon=\"icon-ar-017-r\" data-prev-icon=\"icon-ar-017-l\"><span id=\"creative-link-wrap-3814\" class=\"ult_main_cl ult-adjust-bottom-margin  \" >\n\t \t\t\t<span class=\"  ult_crlink\" >\n\t\t\t\t\t<a  data-ultimate-target='#creative-link-wrap-3814 .ult_colorlink'  data-responsive-json-new='{\"font-size\":\"desktop:15px;\",\"line-height\":\"\"}'  href=\"javascript:void(0);\"  class=\"ult_colorlink ult-responsive \" style=\"font-weight:bold; \"  data-textcolor=\"#333333\" data-texthover=\"#ac1618\"data-style=\"\">\n\t\t\t\t\t\t\n\t\t\t\t\t\t<span data-hover=\"Volledige financi\u00eble administratie NL\/BE\" style=\"color:#333333;;;\" class=\"ult_btn10_span   \">Volledige financi\u00eble administratie NL\/BE<\/span>\n\t\t\t\t\t\t\n\t\t\t\t\t<\/a>\n\t\t\t\t<\/span>\n\t\t\t<\/span><span id=\"creative-link-wrap-5646\" class=\"ult_main_cl ult-adjust-bottom-margin  \" >\n\t \t\t\t<span class=\"  ult_crlink\" >\n\t\t\t\t\t<a  data-ultimate-target='#creative-link-wrap-5646 .ult_colorlink'  data-responsive-json-new='{\"font-size\":\"desktop:14px;\",\"line-height\":\"\"}'  href=\"javascript:void(0);\"  class=\"ult_colorlink ult-responsive \" style=\"font-weight:bold; \"  data-textcolor=\"#333333\" data-texthover=\"#ac1618\"data-style=\"\">\n\t\t\t\t\t\t\n\t\t\t\t\t\t<span data-hover=\"Betaalverkeer NL\/BE\" style=\"color:#333333;;;\" class=\"ult_btn10_span   \">Betaalverkeer NL\/BE<\/span>\n\t\t\t\t\t\t\n\t\t\t\t\t<\/a>\n\t\t\t\t<\/span>\n\t\t\t<\/span><span id=\"creative-link-wrap-4320\" class=\"ult_main_cl ult-adjust-bottom-margin  \" >\n\t \t\t\t<span class=\"  ult_crlink\" >\n\t\t\t\t\t<a  data-ultimate-target='#creative-link-wrap-4320 .ult_colorlink'  data-responsive-json-new='{\"font-size\":\"desktop:14px;\",\"line-height\":\"\"}'  href=\"javascript:void(0);\"  class=\"ult_colorlink ult-responsive \" style=\"font-weight:bold; \"  data-textcolor=\"#333333\" data-texthover=\"#ac1618\"data-style=\"\">\n\t\t\t\t\t\t\n\t\t\t\t\t\t<span data-hover=\"PO management NL\/BE\" style=\"color:#333333;;;\" class=\"ult_btn10_span   \">PO management NL\/BE<\/span>\n\t\t\t\t\t\t\n\t\t\t\t\t<\/a>\n\t\t\t\t<\/span>\n\t\t\t<\/span><span id=\"creative-link-wrap-4299\" class=\"ult_main_cl ult-adjust-bottom-margin  \" >\n\t \t\t\t<span class=\"  ult_crlink\" >\n\t\t\t\t\t<a  data-ultimate-target='#creative-link-wrap-4299 .ult_colorlink'  data-responsive-json-new='{\"font-size\":\"desktop:14px;\",\"line-height\":\"\"}'  href=\"javascript:void(0);\"  class=\"ult_colorlink ult-responsive \" style=\"font-weight:bold; \"  data-textcolor=\"#333333\" data-texthover=\"#ac1618\"data-style=\"\">\n\t\t\t\t\t\t\n\t\t\t\t\t\t<span data-hover=\"Volledige salarisadministratie NL \/BE\" style=\"color:#333333;;;\" class=\"ult_btn10_span   \">Volledige salarisadministratie NL \/BE<\/span>\n\t\t\t\t\t\t\n\t\t\t\t\t<\/a>\n\t\t\t\t<\/span>\n\t\t\t<\/span><span id=\"creative-link-wrap-5871\" class=\"ult_main_cl ult-adjust-bottom-margin  \" >\n\t \t\t\t<span class=\"  ult_crlink\" >\n\t\t\t\t\t<a  data-ultimate-target='#creative-link-wrap-5871 .ult_colorlink'  data-responsive-json-new='{\"font-size\":\"desktop:14px;\",\"line-height\":\"\"}'  href=\"javascript:void(0);\"  class=\"ult_colorlink ult-responsive \" style=\"font-weight:bold; \"  data-textcolor=\"#333333\" data-texthover=\"#ac1618\"data-style=\"\">\n\t\t\t\t\t\t\n\t\t\t\t\t\t<span data-hover=\"Periodieke financi\u00eble rapportages NL\/BE\" style=\"color:#333333;;;\" class=\"ult_btn10_span   \">Periodieke financi\u00eble rapportages NL\/BE<\/span>\n\t\t\t\t\t\t\n\t\t\t\t\t<\/a>\n\t\t\t\t<\/span>\n\t\t\t<\/span><span id=\"creative-link-wrap-5067\" class=\"ult_main_cl ult-adjust-bottom-margin  \" >\n\t \t\t\t<span class=\"  ult_crlink\" >\n\t\t\t\t\t<a  data-ultimate-target='#creative-link-wrap-5067 .ult_colorlink'  data-responsive-json-new='{\"font-size\":\"desktop:14px;\",\"line-height\":\"\"}'  href=\"javascript:void(0);\"  class=\"ult_colorlink ult-responsive \" style=\"font-weight:bold; \"  data-textcolor=\"#333333\" data-texthover=\"#ac1618\"data-style=\"\">\n\t\t\t\t\t\t\n\t\t\t\t\t\t<span data-hover=\"Opstellen Jaarrekening NL\/BE\" style=\"color:#333333;;;\" class=\"ult_btn10_span   \">Opstellen Jaarrekening NL\/BE<\/span>\n\t\t\t\t\t\t\n\t\t\t\t\t<\/a>\n\t\t\t\t<\/span>\n\t\t\t<\/span><span id=\"creative-link-wrap-6598\" class=\"ult_main_cl ult-adjust-bottom-margin  \" >\n\t \t\t\t<span class=\"  ult_crlink\" >\n\t\t\t\t\t<a  data-ultimate-target='#creative-link-wrap-6598 .ult_colorlink'  data-responsive-json-new='{\"font-size\":\"desktop:14px;\",\"line-height\":\"\"}'  href=\"javascript:void(0);\"  class=\"ult_colorlink ult-responsive \" style=\"font-weight:bold; \"  data-textcolor=\"#333333\" data-texthover=\"#ac1618\"data-style=\"\">\n\t\t\t\t\t\t\n\t\t\t\t\t\t<span data-hover=\"HR ondersteuning NL\/BE\" style=\"color:#333333;;;\" class=\"ult_btn10_span   \">HR ondersteuning NL\/BE<\/span>\n\t\t\t\t\t\t\n\t\t\t\t\t<\/a>\n\t\t\t\t<\/span>\n\t\t\t<\/span><span id=\"creative-link-wrap-8968\" class=\"ult_main_cl ult-adjust-bottom-margin  \" >\n\t \t\t\t<span class=\"  ult_crlink\" >\n\t\t\t\t\t<a  data-ultimate-target='#creative-link-wrap-8968 .ult_colorlink'  data-responsive-json-new='{\"font-size\":\"desktop:14px;\",\"line-height\":\"\"}'  href=\"javascript:void(0);\"  class=\"ult_colorlink ult-responsive \" style=\"font-weight:bold; \"  data-textcolor=\"#333333\" data-texthover=\"#ac1618\"data-style=\"\">\n\t\t\t\t\t\t\n\t\t\t\t\t\t<span data-hover=\"Factuur controle PO\" style=\"color:#333333;;;\" class=\"ult_btn10_span   \">Factuur controle PO<\/span>\n\t\t\t\t\t\t\n\t\t\t\t\t<\/a>\n\t\t\t\t<\/span>\n\t\t\t<\/span><span id=\"creative-link-wrap-2646\" class=\"ult_main_cl ult-adjust-bottom-margin  \" >\n\t \t\t\t<span class=\"  ult_crlink\" >\n\t\t\t\t\t<a  data-ultimate-target='#creative-link-wrap-2646 .ult_colorlink'  data-responsive-json-new='{\"font-size\":\"desktop:14px;\",\"line-height\":\"\"}'  href=\"javascript:void(0);\"  class=\"ult_colorlink ult-responsive \" style=\"font-weight:bold; \"  data-textcolor=\"#333333\" data-texthover=\"#ac1618\"data-style=\"\">\n\t\t\t\t\t\t\n\t\t\t\t\t\t<span data-hover=\"Onkosten controle\" style=\"color:#333333;;;\" class=\"ult_btn10_span   \">Onkosten controle<\/span>\n\t\t\t\t\t\t\n\t\t\t\t\t<\/a>\n\t\t\t\t<\/span>\n\t\t\t<\/span><span id=\"creative-link-wrap-9125\" class=\"ult_main_cl ult-adjust-bottom-margin  \" >\n\t \t\t\t<span class=\"  ult_crlink\" >\n\t\t\t\t\t<a  data-ultimate-target='#creative-link-wrap-9125 .ult_colorlink'  data-responsive-json-new='{\"font-size\":\"desktop:14px;\",\"line-height\":\"\"}'  href=\"javascript:void(0);\"  class=\"ult_colorlink ult-responsive \" style=\"font-weight:bold; \"  data-textcolor=\"#333333\" data-texthover=\"#ac1618\"data-style=\"\">\n\t\t\t\t\t\t\n\t\t\t\t\t\t<span data-hover=\"Administratie proces controle\" style=\"color:#333333;;;\" class=\"ult_btn10_span   \">Administratie proces controle<\/span>\n\t\t\t\t\t\t\n\t\t\t\t\t<\/a>\n\t\t\t\t<\/span>\n\t\t\t<\/span><\/div>[\/vc_column][\/vc_row]<\/p>\n<\/div>","protected":false},"excerpt":{"rendered":"<p>[vc_row type=&#8221;vc_default&#8221;][vc_column css=&#8221;.vc_custom_1498229431694{padding-bottom: 50px !important;}&#8221;][\/vc_column][vc_column css=&#8221;.vc_custom_1498229445232{padding-bottom: 50px !important;}&#8221;][\/vc_column][\/vc_row][vc_row][vc_column][\/vc_column][\/vc_row]<\/p>\n","protected":false},"author":1,"featured_media":0,"parent":0,"menu_order":100,"comment_status":"closed","ping_status":"closed","template":"","meta":{"footnotes":""},"class_list":["post-408","page","type-page","status-publish","hentry","description-off"],"yoast_head":"<!-- This site is optimized with the Yoast SEO plugin v27.5 - https:\/\/yoast.com\/product\/yoast-seo-wordpress\/ -->\n<title>Financi\u00eble administratie - FA-M<\/title>\n<meta name=\"robots\" content=\"index, follow, max-snippet:-1, max-image-preview:large, max-video-preview:-1\" \/>\n<link rel=\"canonical\" href=\"https:\/\/fa-m.nl\/nl\/financiele-administratie\/\" \/>\n<meta property=\"og:locale\" content=\"nl_NL\" \/>\n<meta property=\"og:type\" content=\"article\" \/>\n<meta property=\"og:title\" content=\"Financi\u00eble administratie - FA-M\" \/>\n<meta property=\"og:description\" content=\"[vc_row type=&#8221;vc_default&#8221;][vc_column css=&#8221;.vc_custom_1498229431694{padding-bottom: 50px !important;}&#8221;][\/vc_column][vc_column css=&#8221;.vc_custom_1498229445232{padding-bottom: 50px !important;}&#8221;][\/vc_column][\/vc_row][vc_row][vc_column][\/vc_column][\/vc_row]\" \/>\n<meta property=\"og:url\" content=\"https:\/\/fa-m.nl\/nl\/financiele-administratie\/\" \/>\n<meta property=\"og:site_name\" content=\"FA-M\" \/>\n<meta property=\"article:modified_time\" content=\"2022-06-20T13:32:50+00:00\" \/>\n<meta property=\"og:image\" content=\"https:\/\/fa-m.nl\/wp-content\/uploads\/2019\/03\/financiele-administratie-300x200.jpg\" \/>\n<meta name=\"twitter:card\" content=\"summary_large_image\" \/>\n<meta name=\"twitter:label1\" content=\"Geschatte leestijd\" \/>\n\t<meta name=\"twitter:data1\" content=\"2 minuten\" \/>\n<script type=\"application\/ld+json\" class=\"yoast-schema-graph\">{\"@context\":\"https:\\\/\\\/schema.org\",\"@graph\":[{\"@type\":\"WebPage\",\"@id\":\"https:\\\/\\\/fa-m.nl\\\/nl\\\/financiele-administratie\\\/\",\"url\":\"https:\\\/\\\/fa-m.nl\\\/nl\\\/financiele-administratie\\\/\",\"name\":\"Financi\u00eble administratie - FA-M\",\"isPartOf\":{\"@id\":\"https:\\\/\\\/fa-m.nl\\\/nl\\\/#website\"},\"primaryImageOfPage\":{\"@id\":\"https:\\\/\\\/fa-m.nl\\\/nl\\\/financiele-administratie\\\/#primaryimage\"},\"image\":{\"@id\":\"https:\\\/\\\/fa-m.nl\\\/nl\\\/financiele-administratie\\\/#primaryimage\"},\"thumbnailUrl\":\"https:\\\/\\\/fa-m.nl\\\/wp-content\\\/uploads\\\/2019\\\/03\\\/financiele-administratie-300x200.jpg\",\"datePublished\":\"2016-01-30T21:56:24+00:00\",\"dateModified\":\"2022-06-20T13:32:50+00:00\",\"breadcrumb\":{\"@id\":\"https:\\\/\\\/fa-m.nl\\\/nl\\\/financiele-administratie\\\/#breadcrumb\"},\"inLanguage\":\"nl-NL\",\"potentialAction\":[{\"@type\":\"ReadAction\",\"target\":[\"https:\\\/\\\/fa-m.nl\\\/nl\\\/financiele-administratie\\\/\"]}]},{\"@type\":\"ImageObject\",\"inLanguage\":\"nl-NL\",\"@id\":\"https:\\\/\\\/fa-m.nl\\\/nl\\\/financiele-administratie\\\/#primaryimage\",\"url\":\"https:\\\/\\\/fa-m.nl\\\/wp-content\\\/uploads\\\/2019\\\/03\\\/financiele-administratie-300x200.jpg\",\"contentUrl\":\"https:\\\/\\\/fa-m.nl\\\/wp-content\\\/uploads\\\/2019\\\/03\\\/financiele-administratie-300x200.jpg\"},{\"@type\":\"BreadcrumbList\",\"@id\":\"https:\\\/\\\/fa-m.nl\\\/nl\\\/financiele-administratie\\\/#breadcrumb\",\"itemListElement\":[{\"@type\":\"ListItem\",\"position\":1,\"name\":\"Home\",\"item\":\"https:\\\/\\\/fa-m.nl\\\/nl\\\/\"},{\"@type\":\"ListItem\",\"position\":2,\"name\":\"Financi\u00eble administratie\"}]},{\"@type\":\"WebSite\",\"@id\":\"https:\\\/\\\/fa-m.nl\\\/nl\\\/#website\",\"url\":\"https:\\\/\\\/fa-m.nl\\\/nl\\\/\",\"name\":\"FA-M\",\"description\":\"Financial Analysis Management B.V.\",\"publisher\":{\"@id\":\"https:\\\/\\\/fa-m.nl\\\/nl\\\/#organization\"},\"potentialAction\":[{\"@type\":\"SearchAction\",\"target\":{\"@type\":\"EntryPoint\",\"urlTemplate\":\"https:\\\/\\\/fa-m.nl\\\/nl\\\/?s={search_term_string}\"},\"query-input\":{\"@type\":\"PropertyValueSpecification\",\"valueRequired\":true,\"valueName\":\"search_term_string\"}}],\"inLanguage\":\"nl-NL\"},{\"@type\":\"Organization\",\"@id\":\"https:\\\/\\\/fa-m.nl\\\/nl\\\/#organization\",\"name\":\"Financial Analysis Management\",\"url\":\"https:\\\/\\\/fa-m.nl\\\/nl\\\/\",\"logo\":{\"@type\":\"ImageObject\",\"inLanguage\":\"nl-NL\",\"@id\":\"https:\\\/\\\/fa-m.nl\\\/nl\\\/#\\\/schema\\\/logo\\\/image\\\/\",\"url\":\"https:\\\/\\\/fa-m.nl\\\/wp-content\\\/uploads\\\/2019\\\/01\\\/FAM-logo.png\",\"contentUrl\":\"https:\\\/\\\/fa-m.nl\\\/wp-content\\\/uploads\\\/2019\\\/01\\\/FAM-logo.png\",\"width\":133,\"height\":52,\"caption\":\"Financial Analysis Management\"},\"image\":{\"@id\":\"https:\\\/\\\/fa-m.nl\\\/nl\\\/#\\\/schema\\\/logo\\\/image\\\/\"}}]}<\/script>\n<!-- \/ Yoast SEO plugin. -->","yoast_head_json":{"title":"Financi\u00eble administratie - FA-M","robots":{"index":"index","follow":"follow","max-snippet":"max-snippet:-1","max-image-preview":"max-image-preview:large","max-video-preview":"max-video-preview:-1"},"canonical":"https:\/\/fa-m.nl\/nl\/financiele-administratie\/","og_locale":"nl_NL","og_type":"article","og_title":"Financi\u00eble administratie - FA-M","og_description":"[vc_row type=&#8221;vc_default&#8221;][vc_column css=&#8221;.vc_custom_1498229431694{padding-bottom: 50px !important;}&#8221;][\/vc_column][vc_column css=&#8221;.vc_custom_1498229445232{padding-bottom: 50px !important;}&#8221;][\/vc_column][\/vc_row][vc_row][vc_column][\/vc_column][\/vc_row]","og_url":"https:\/\/fa-m.nl\/nl\/financiele-administratie\/","og_site_name":"FA-M","article_modified_time":"2022-06-20T13:32:50+00:00","og_image":[{"url":"https:\/\/fa-m.nl\/wp-content\/uploads\/2019\/03\/financiele-administratie-300x200.jpg","type":"","width":"","height":""}],"twitter_card":"summary_large_image","twitter_misc":{"Geschatte leestijd":"2 minuten"},"schema":{"@context":"https:\/\/schema.org","@graph":[{"@type":"WebPage","@id":"https:\/\/fa-m.nl\/nl\/financiele-administratie\/","url":"https:\/\/fa-m.nl\/nl\/financiele-administratie\/","name":"Financi\u00eble administratie - FA-M","isPartOf":{"@id":"https:\/\/fa-m.nl\/nl\/#website"},"primaryImageOfPage":{"@id":"https:\/\/fa-m.nl\/nl\/financiele-administratie\/#primaryimage"},"image":{"@id":"https:\/\/fa-m.nl\/nl\/financiele-administratie\/#primaryimage"},"thumbnailUrl":"https:\/\/fa-m.nl\/wp-content\/uploads\/2019\/03\/financiele-administratie-300x200.jpg","datePublished":"2016-01-30T21:56:24+00:00","dateModified":"2022-06-20T13:32:50+00:00","breadcrumb":{"@id":"https:\/\/fa-m.nl\/nl\/financiele-administratie\/#breadcrumb"},"inLanguage":"nl-NL","potentialAction":[{"@type":"ReadAction","target":["https:\/\/fa-m.nl\/nl\/financiele-administratie\/"]}]},{"@type":"ImageObject","inLanguage":"nl-NL","@id":"https:\/\/fa-m.nl\/nl\/financiele-administratie\/#primaryimage","url":"https:\/\/fa-m.nl\/wp-content\/uploads\/2019\/03\/financiele-administratie-300x200.jpg","contentUrl":"https:\/\/fa-m.nl\/wp-content\/uploads\/2019\/03\/financiele-administratie-300x200.jpg"},{"@type":"BreadcrumbList","@id":"https:\/\/fa-m.nl\/nl\/financiele-administratie\/#breadcrumb","itemListElement":[{"@type":"ListItem","position":1,"name":"Home","item":"https:\/\/fa-m.nl\/nl\/"},{"@type":"ListItem","position":2,"name":"Financi\u00eble administratie"}]},{"@type":"WebSite","@id":"https:\/\/fa-m.nl\/nl\/#website","url":"https:\/\/fa-m.nl\/nl\/","name":"FA-M","description":"Financial Analysis Management B.V.","publisher":{"@id":"https:\/\/fa-m.nl\/nl\/#organization"},"potentialAction":[{"@type":"SearchAction","target":{"@type":"EntryPoint","urlTemplate":"https:\/\/fa-m.nl\/nl\/?s={search_term_string}"},"query-input":{"@type":"PropertyValueSpecification","valueRequired":true,"valueName":"search_term_string"}}],"inLanguage":"nl-NL"},{"@type":"Organization","@id":"https:\/\/fa-m.nl\/nl\/#organization","name":"Financial Analysis Management","url":"https:\/\/fa-m.nl\/nl\/","logo":{"@type":"ImageObject","inLanguage":"nl-NL","@id":"https:\/\/fa-m.nl\/nl\/#\/schema\/logo\/image\/","url":"https:\/\/fa-m.nl\/wp-content\/uploads\/2019\/01\/FAM-logo.png","contentUrl":"https:\/\/fa-m.nl\/wp-content\/uploads\/2019\/01\/FAM-logo.png","width":133,"height":52,"caption":"Financial Analysis Management"},"image":{"@id":"https:\/\/fa-m.nl\/nl\/#\/schema\/logo\/image\/"}}]}},"_links":{"self":[{"href":"https:\/\/fa-m.nl\/nl\/wp-json\/wp\/v2\/pages\/408","targetHints":{"allow":["GET"]}}],"collection":[{"href":"https:\/\/fa-m.nl\/nl\/wp-json\/wp\/v2\/pages"}],"about":[{"href":"https:\/\/fa-m.nl\/nl\/wp-json\/wp\/v2\/types\/page"}],"author":[{"embeddable":true,"href":"https:\/\/fa-m.nl\/nl\/wp-json\/wp\/v2\/users\/1"}],"replies":[{"embeddable":true,"href":"https:\/\/fa-m.nl\/nl\/wp-json\/wp\/v2\/comments?post=408"}],"version-history":[{"count":49,"href":"https:\/\/fa-m.nl\/nl\/wp-json\/wp\/v2\/pages\/408\/revisions"}],"predecessor-version":[{"id":2152,"href":"https:\/\/fa-m.nl\/nl\/wp-json\/wp\/v2\/pages\/408\/revisions\/2152"}],"wp:attachment":[{"href":"https:\/\/fa-m.nl\/nl\/wp-json\/wp\/v2\/media?parent=408"}],"curies":[{"name":"wp","href":"https:\/\/api.w.org\/{rel}","templated":true}]}}